{"id":910,"date":"2024-03-14T17:52:08","date_gmt":"2024-03-14T16:52:08","guid":{"rendered":"https:\/\/mokrohs-consulting.com\/?page_id=910"},"modified":"2026-02-25T13:19:29","modified_gmt":"2026-02-25T12:19:29","slug":"faq","status":"publish","type":"page","link":"https:\/\/mokrohs-consulting.com\/sk\/tax-consulting\/faq\/","title":{"rendered":"FAQ"},"content":{"rendered":"<div id=\"kontakt\" class=\"fusion-container-anchor\"><div class=\"fusion-fullwidth fullwidth-box fusion-builder-row-1 fusion-flex-container has-pattern-background has-mask-background hundred-percent-fullwidth non-hundred-percent-height-scrolling\" style=\"--link_hover_color: var(--awb-color2);--link_color: var(--awb-color1);--awb-border-radius-top-left:0px;--awb-border-radius-top-right:0px;--awb-border-radius-bottom-right:0px;--awb-border-radius-bottom-left:0px;--awb-padding-right:120px;--awb-padding-left:120px;--awb-padding-right-medium:120px;--awb-padding-left-medium:120px;--awb-padding-top-small:60px;--awb-padding-right-small:35px;--awb-padding-bottom-small:40px;--awb-padding-left-small:35px;--awb-background-color:var(--awb-color1);--awb-flex-wrap:wrap;\" ><div class=\"fusion-builder-row fusion-row fusion-flex-align-items-flex-start fusion-flex-content-wrap\" style=\"width:104% !important;max-width:104% !important;margin-left: calc(-4% \/ 2 );margin-right: calc(-4% \/ 2 );\"><div class=\"fusion-layout-column fusion_builder_column fusion-builder-column-0 fusion_builder_column_1_6 1_6 fusion-flex-column\" style=\"--awb-bg-size:cover;--awb-width-large:16.666666666667%;--awb-margin-top-large:0px;--awb-spacing-right-large:11.52%;--awb-margin-bottom-large:20px;--awb-spacing-left-large:11.52%;--awb-width-medium:16.666666666667%;--awb-order-medium:0;--awb-spacing-right-medium:11.52%;--awb-spacing-left-medium:11.52%;--awb-width-small:100%;--awb-order-small:0;--awb-spacing-right-small:1.92%;--awb-spacing-left-small:1.92%;\"><div class=\"fusion-column-wrapper fusion-column-has-shadow fusion-flex-justify-content-flex-start fusion-content-layout-column\"><\/div><\/div><div class=\"fusion-layout-column fusion_builder_column fusion-builder-column-1 fusion_builder_column_2_3 2_3 fusion-flex-column\" style=\"--awb-padding-right:20px;--awb-padding-right-medium:0px;--awb-bg-size:cover;--awb-width-large:66.666666666667%;--awb-margin-top-large:0px;--awb-spacing-right-large:2.88%;--awb-margin-bottom-large:20px;--awb-spacing-left-large:2.88%;--awb-width-medium:66.666666666667%;--awb-order-medium:0;--awb-spacing-right-medium:2.88%;--awb-spacing-left-medium:2.88%;--awb-width-small:100%;--awb-order-small:0;--awb-spacing-right-small:1.92%;--awb-spacing-left-small:1.92%;\" data-scroll-devices=\"small-visibility,medium-visibility,large-visibility\"><div class=\"fusion-column-wrapper fusion-column-has-shadow fusion-flex-justify-content-flex-start fusion-content-layout-column\"><div class=\"fusion-title title fusion-title-1 fusion-sep-none fusion-title-text fusion-title-size-three text-40\" style=\"--awb-margin-bottom:40px;--awb-margin-top-small:10px;--awb-margin-right-small:0px;--awb-margin-bottom-small:10px;--awb-margin-left-small:0px;--awb-font-size:35px;\"><h3 class=\"fusion-title-heading title-heading-left\" style=\"margin:0;font-size:1em;\">Naj\u010dastej\u0161ie ot\u00e1zky slovensk\u00fdch firiem p\u00f4sobiacich v Nemecku<\/h3><\/div><div class=\"accordian fusion-accordian\" style=\"--awb-padding-bottom:5px;--awb-border-size:1px;--awb-icon-size:20px;--awb-content-font-size:16px;--awb-icon-alignment:right;--awb-hover-color:var(--awb-color2);--awb-border-color:var(--awb-color3);--awb-background-color:var(--awb-color1);--awb-divider-color:var(--awb-color3);--awb-divider-hover-color:var(--awb-color3);--awb-icon-color:#c28d53;--awb-title-color:var(--awb-color8);--awb-content-color:var(--awb-color8);--awb-icon-box-color:#c28d53;--awb-toggle-hover-accent-color:var(--awb-color5);--awb-title-font-family:var(--awb-typography1-font-family);--awb-title-font-weight:var(--awb-typography1-font-weight);--awb-title-font-style:var(--awb-typography1-font-style);--awb-title-font-size:18px;--awb-title-line-height:1.4;--awb-content-font-family:var(--awb-typography4-font-family);--awb-content-font-weight:var(--awb-typography4-font-weight);--awb-content-font-style:var(--awb-typography4-font-style);\"><div class=\"panel-group fusion-toggle-icon-right fusion-toggle-icon-unboxed\" id=\"accordion-910-1\"><div class=\"fusion-panel panel-default panel-6e23a9b46373b54ad fusion-toggle-no-divider\" style=\"--awb-title-color:var(--awb-color8);--awb-content-color:var(--awb-color8);\"><div class=\"panel-heading\"><div class=\"panel-title toggle\" id=\"toggle_6e23a9b46373b54ad\"><a aria-expanded=\"false\" aria-controls=\"6e23a9b46373b54ad\" role=\"button\" data-toggle=\"collapse\" data-parent=\"#accordion-910-1\" data-target=\"#6e23a9b46373b54ad\" href=\"#6e23a9b46373b54ad\"><span class=\"fusion-toggle-icon-wrapper\" aria-hidden=\"true\"><i class=\"fa-fusion-box active-icon awb-icon-minus\" aria-hidden=\"true\"><\/i><i class=\"fa-fusion-box inactive-icon awb-icon-plus\" aria-hidden=\"true\"><\/i><\/span><span class=\"fusion-toggle-heading\">Pracujem v Nemecku ako SZ\u010cO pre slovensk\u00fa\/ \u010desk\u00fa s.r.o, potrebujem aj ja Freistellung?<\/span><\/a><\/div><\/div><div id=\"6e23a9b46373b54ad\" class=\"panel-collapse collapse \" aria-labelledby=\"toggle_6e23a9b46373b54ad\"><div class=\"panel-body toggle-content fusion-clearfix\">\u00c1no, povinnos\u0165 ma\u0165 platn\u00e9 povolenie Freistellung (oslobodenie od zr\u00e1\u017ekovej dane) sa vz\u0165ahuje na v\u0161etk\u00fdch v re\u0165azci pr\u00e1c a fakt\u00far, ktor\u00e9 s\u00favisia so stavebn\u00fdmi pr\u00e1cami na \u00fazem\u00ed Nemecka.<\/div><\/div><\/div><div class=\"fusion-panel panel-default panel-7606deb1e61a9c923 fusion-toggle-no-divider\" style=\"--awb-title-color:var(--awb-color8);--awb-content-color:var(--awb-color8);\"><div class=\"panel-heading\"><div class=\"panel-title toggle\" id=\"toggle_7606deb1e61a9c923\"><a aria-expanded=\"false\" aria-controls=\"7606deb1e61a9c923\" role=\"button\" data-toggle=\"collapse\" data-parent=\"#accordion-910-1\" data-target=\"#7606deb1e61a9c923\" href=\"#7606deb1e61a9c923\"><span class=\"fusion-toggle-icon-wrapper\" aria-hidden=\"true\"><i class=\"fa-fusion-box active-icon awb-icon-minus\" aria-hidden=\"true\"><\/i><i class=\"fa-fusion-box inactive-icon awb-icon-plus\" aria-hidden=\"true\"><\/i><\/span><span class=\"fusion-toggle-heading\">M\u00f4\u017eem si \u017eiada\u0165 nasp\u00e4\u0165 strhnut\u00fa zr\u00e1\u017ekov\u00fa da\u0148, ktor\u00fa za m\u0148a zaplatil objedn\u00e1vate\u013e?<\/span><\/a><\/div><\/div><div id=\"7606deb1e61a9c923\" class=\"panel-collapse collapse \" aria-labelledby=\"toggle_7606deb1e61a9c923\"><div class=\"panel-body toggle-content fusion-clearfix\">\u00c1no, po skon\u010den\u00ed kalend\u00e1rneho roka a splnen\u00ed podmienok zo strany da\u0148ov\u00e9ho \u00faradu je mo\u017en\u00e9 vy\u017eiada\u0165 zr\u00e1\u017ekov\u00fa da\u0148 nasp\u00e4\u0165 v plnej v\u00fd\u0161ke.<\/div><\/div><\/div><div class=\"fusion-panel panel-default panel-ee7c52ded442d6ce3 fusion-toggle-no-divider\" style=\"--awb-title-color:var(--awb-color8);--awb-content-color:var(--awb-color8);\"><div class=\"panel-heading\"><div class=\"panel-title toggle\" id=\"toggle_ee7c52ded442d6ce3\"><a aria-expanded=\"false\" aria-controls=\"ee7c52ded442d6ce3\" role=\"button\" data-toggle=\"collapse\" data-parent=\"#accordion-910-1\" data-target=\"#ee7c52ded442d6ce3\" href=\"#ee7c52ded442d6ce3\"><span class=\"fusion-toggle-icon-wrapper\" aria-hidden=\"true\"><i class=\"fa-fusion-box active-icon awb-icon-minus\" aria-hidden=\"true\"><\/i><i class=\"fa-fusion-box inactive-icon awb-icon-plus\" aria-hidden=\"true\"><\/i><\/span><span class=\"fusion-toggle-heading\">\u010co je Steuernummer? Ako ho z\u00edskam?<\/span><\/a><\/div><\/div><div id=\"ee7c52ded442d6ce3\" class=\"panel-collapse collapse \" aria-labelledby=\"toggle_ee7c52ded442d6ce3\"><div class=\"panel-body toggle-content fusion-clearfix\">Nemeck\u00e9 da\u0148ov\u00e9 \u010d\u00edslo sa \u017eiada na nemeckom da\u0148ovom \u00farade na z\u00e1klade da\u0148ovej registr\u00e1cie. Ide\u00e1lne je vybavi\u0165 si ho spolu so \u017eiados\u0165ou o Freistellung e\u0161te pred prvou faktur\u00e1ciou.<\/div><\/div><\/div><div class=\"fusion-panel panel-default panel-2e7f47315f5643b84 fusion-toggle-no-divider\" style=\"--awb-title-color:var(--awb-color8);--awb-content-color:var(--awb-color8);\"><div class=\"panel-heading\"><div class=\"panel-title toggle\" id=\"toggle_2e7f47315f5643b84\"><a aria-expanded=\"false\" aria-controls=\"2e7f47315f5643b84\" role=\"button\" data-toggle=\"collapse\" data-parent=\"#accordion-910-1\" data-target=\"#2e7f47315f5643b84\" href=\"#2e7f47315f5643b84\"><span class=\"fusion-toggle-icon-wrapper\" aria-hidden=\"true\"><i class=\"fa-fusion-box active-icon awb-icon-minus\" aria-hidden=\"true\"><\/i><i class=\"fa-fusion-box inactive-icon awb-icon-plus\" aria-hidden=\"true\"><\/i><\/span><span class=\"fusion-toggle-heading\">Kedy mi v Nemecku vznikne povinnos\u0165 poda\u0165 da\u0148ov\u00e9 priznanie ako SZ\u010cO?<\/span><\/a><\/div><\/div><div id=\"2e7f47315f5643b84\" class=\"panel-collapse collapse \" aria-labelledby=\"toggle_2e7f47315f5643b84\"><div class=\"panel-body toggle-content fusion-clearfix\">Povinnos\u0165 poda\u0165 da\u0148ov\u00e9 priznanie k dani z pr\u00edjmov v\u00e1m m\u00f4\u017ee vznikn\u00fa\u0165 pri vzniku st\u00e1lej prev\u00e1dzky na niektorom z va\u0161ich staven\u00edsk (podmienkou je prekro\u010denie 12 mesiacov na jednom stavenisku).<\/div><\/div><\/div><div class=\"fusion-panel panel-default panel-fe9cea37a17d334d5 fusion-toggle-no-divider\" style=\"--awb-title-color:var(--awb-color8);--awb-content-color:var(--awb-color8);\"><div class=\"panel-heading\"><div class=\"panel-title toggle\" id=\"toggle_fe9cea37a17d334d5\"><a aria-expanded=\"false\" aria-controls=\"fe9cea37a17d334d5\" role=\"button\" data-toggle=\"collapse\" data-parent=\"#accordion-910-1\" data-target=\"#fe9cea37a17d334d5\" href=\"#fe9cea37a17d334d5\"><span class=\"fusion-toggle-icon-wrapper\" aria-hidden=\"true\"><i class=\"fa-fusion-box active-icon awb-icon-minus\" aria-hidden=\"true\"><\/i><i class=\"fa-fusion-box inactive-icon awb-icon-plus\" aria-hidden=\"true\"><\/i><\/span><span class=\"fusion-toggle-heading\">M\u00e1m ako slovensk\u00fd \u017eivnostn\u00edk pracuj\u00faci v Nemecku n\u00e1rok na rodinn\u00e9 pr\u00eddavky?<\/span><\/a><\/div><\/div><div id=\"fe9cea37a17d334d5\" class=\"panel-collapse collapse \" aria-labelledby=\"toggle_fe9cea37a17d334d5\"><div class=\"panel-body toggle-content fusion-clearfix\">N\u00e1rok na rodinn\u00e9 pr\u00eddavky sa m\u00f4\u017ee uplatni\u0165 iba v pr\u00edpade , \u017ee ste v Nemecku soci\u00e1lne poisten\u00fd zamestnanec alebo \u017eivnostn\u00edk.<\/div><\/div><\/div><div class=\"fusion-panel panel-default panel-4eab175bee908d391 fusion-toggle-no-divider\" style=\"--awb-title-color:var(--awb-color8);--awb-content-color:var(--awb-color8);\"><div class=\"panel-heading\"><div class=\"panel-title toggle\" id=\"toggle_4eab175bee908d391\"><a aria-expanded=\"false\" aria-controls=\"4eab175bee908d391\" role=\"button\" data-toggle=\"collapse\" data-parent=\"#accordion-910-1\" data-target=\"#4eab175bee908d391\" href=\"#4eab175bee908d391\"><span class=\"fusion-toggle-icon-wrapper\" aria-hidden=\"true\"><i class=\"fa-fusion-box active-icon awb-icon-minus\" aria-hidden=\"true\"><\/i><i class=\"fa-fusion-box inactive-icon awb-icon-plus\" aria-hidden=\"true\"><\/i><\/span><span class=\"fusion-toggle-heading\">Sme slovensk\u00e1 s.r.o. a len konate\u013e pracuje s\u00e1m fyzicky v Nemecku. Ak\u00e9 to m\u00f4\u017ee ma\u0165 n\u00e1sledky?<\/span><\/a><\/div><\/div><div id=\"4eab175bee908d391\" class=\"panel-collapse collapse \" aria-labelledby=\"toggle_4eab175bee908d391\"><div class=\"panel-body toggle-content fusion-clearfix\">\n<p>Ak sa konate\u013e zdr\u017eiava preva\u017ene pracovne v Nemecku, dost\u00e1va sa spolo\u010dnos\u0165 do rizika, \u017ee jej konate\u013e vytvor\u00ed v Nemecku tzv. \u201eprev\u00e1dzku vedenia\u201c spolo\u010dnosti a spolo\u010dnos\u0165 sa dostane do neobmedzenej da\u0148ovej povinnosti k dani z pr\u00edjmu. To je v\u017edy vtedy, ke\u010f sa o dennom, be\u017enom obchodovan\u00ed spolo\u010dnosti rozhoduje z Nemecka.<\/p>\n<p>Ak nie je konate\u013e zamestnan\u00fd na pracovn\u00fa zmluvu a nepober\u00e1 plat, ktor\u00fd podlieha zdaneniu a soci\u00e1lnemu poisteniu, soci\u00e1lna pois\u0165ov\u0148a mu nevystav\u00ed potvrdenie A1, ktor\u00e9 je nutn\u00e9 na preuk\u00e1zanie sa pri kontrole nemeckou soci\u00e1lnou pois\u0165ov\u0148ou.<\/p>\n<\/div><\/div><\/div><div class=\"fusion-panel panel-default panel-c872456627e472a56 fusion-toggle-no-divider\" style=\"--awb-title-color:var(--awb-color8);--awb-content-color:var(--awb-color8);\"><div class=\"panel-heading\"><div class=\"panel-title toggle\" id=\"toggle_c872456627e472a56\"><a aria-expanded=\"false\" aria-controls=\"c872456627e472a56\" role=\"button\" data-toggle=\"collapse\" data-parent=\"#accordion-910-1\" data-target=\"#c872456627e472a56\" href=\"#c872456627e472a56\"><span class=\"fusion-toggle-icon-wrapper\" aria-hidden=\"true\"><i class=\"fa-fusion-box active-icon awb-icon-minus\" aria-hidden=\"true\"><\/i><i class=\"fa-fusion-box inactive-icon awb-icon-plus\" aria-hidden=\"true\"><\/i><\/span><span class=\"fusion-toggle-heading\">Sme jednoosobov\u00e1 slovensk\u00e1 s.r.o. a konate\u013e spolo\u010dnosti je z\u00e1rove\u0148 \u017eivnostn\u00edk a fakturuje svojej s.r.o. za stavebn\u00e9 pr\u00e1ce v Nemecku. Kto potrebuje Freistellung?<\/span><\/a><\/div><\/div><div id=\"c872456627e472a56\" class=\"panel-collapse collapse \" aria-labelledby=\"toggle_c872456627e472a56\"><div class=\"panel-body toggle-content fusion-clearfix\">\n<p>Freistellung (oslobodenie od stavebnej zr\u00e1\u017ekovej dane) potrebuje nielen s.r.o., ale aj \u017eivnostn\u00edk-konate\u013e, aj ke\u010f fakturuje svojej slovenskej s.r.o. T.z. zapojen\u00edm \u010fal\u0161ieho subjektu do re\u0165azca sa \u017eivnostn\u00edk nevyhne z\u00e1konu o stavebnej zr\u00e1\u017ekovej dani.<br \/>\nS.r.o. v tejto kon\u0161tal\u00e1cii vznik\u00e1 e\u0161te aj povinnos\u0165 pod\u00e1vania nemeck\u00fdch v\u00fdkazov k DPH.<\/p>\n<\/div><\/div><\/div><div class=\"fusion-panel panel-default panel-371c5da10dc50f29c fusion-toggle-no-divider\" style=\"--awb-title-color:var(--awb-color8);--awb-content-color:var(--awb-color8);\"><div class=\"panel-heading\"><div class=\"panel-title toggle\" id=\"toggle_371c5da10dc50f29c\"><a aria-expanded=\"false\" aria-controls=\"371c5da10dc50f29c\" role=\"button\" data-toggle=\"collapse\" data-parent=\"#accordion-910-1\" data-target=\"#371c5da10dc50f29c\" href=\"#371c5da10dc50f29c\"><span class=\"fusion-toggle-icon-wrapper\" aria-hidden=\"true\"><i class=\"fa-fusion-box active-icon awb-icon-minus\" aria-hidden=\"true\"><\/i><i class=\"fa-fusion-box inactive-icon awb-icon-plus\" aria-hidden=\"true\"><\/i><\/span><span class=\"fusion-toggle-heading\">Som slovensky \u017eivnostn\u00edk a na Slovensku neplatca DPH. Plat\u00ed to pre m\u0148a aj v Nemecku?<\/span><\/a><\/div><\/div><div id=\"371c5da10dc50f29c\" class=\"panel-collapse collapse \" aria-labelledby=\"toggle_371c5da10dc50f29c\"><div class=\"panel-body toggle-content fusion-clearfix\">Stavebn\u00e9 pr\u00e1ce zv\u00e4\u010d\u0161a podliehaj\u00fa DPH v tej krajine, kde sa nehnute\u013enos\u0165 \u010di pozemok nach\u00e1dza. Stavebn\u00e9 pr\u00e1ce na \u00fazem\u00ed Nemecka podliehaj\u00fa preto v\u017edy nemeckej DPH (19%). Slovensky z\u00e1kon (=oslobodenie od DPH na z\u00e1klade tr\u017eby pod cca. 50 000 \u20ac) je ale v Nemecku nerelevantn\u00fd. Slovensky podnikate\u013e ani nem\u00e1 mo\u017enos\u0165 sa pod\u013ea nemeck\u00e9ho z\u00e1kona oslobodi\u0165 od nemeckej DPH (tr\u017eba men\u0161ia ako 22 000 \u20ac). V kon\u010denom d\u00f4sledku podliehaj\u00fa slu\u017eby ka\u017ed\u00e9ho slovensk\u00e9ho stavebn\u00e9ho podnikate\u013ea nemeckej DPH.<\/div><\/div><\/div><div class=\"fusion-panel panel-default panel-1960c8bf9502c32a5 fusion-toggle-no-divider\" style=\"--awb-title-color:var(--awb-color8);--awb-content-color:var(--awb-color8);\"><div class=\"panel-heading\"><div class=\"panel-title toggle\" id=\"toggle_1960c8bf9502c32a5\"><a aria-expanded=\"false\" aria-controls=\"1960c8bf9502c32a5\" role=\"button\" data-toggle=\"collapse\" data-parent=\"#accordion-910-1\" data-target=\"#1960c8bf9502c32a5\" href=\"#1960c8bf9502c32a5\"><span class=\"fusion-toggle-icon-wrapper\" aria-hidden=\"true\"><i class=\"fa-fusion-box active-icon awb-icon-minus\" aria-hidden=\"true\"><\/i><i class=\"fa-fusion-box inactive-icon awb-icon-plus\" aria-hidden=\"true\"><\/i><\/span><span class=\"fusion-toggle-heading\">Som slovensk\u00fd \u017eivnostn\u00edk a na Slovensku neplatca DPH. Ako vystav\u00edm fakt\u00faru za stavebn\u00e9 pr\u00e1ce v Nemecku?<\/span><\/a><\/div><\/div><div id=\"1960c8bf9502c32a5\" class=\"panel-collapse collapse \" aria-labelledby=\"toggle_1960c8bf9502c32a5\"><div class=\"panel-body toggle-content fusion-clearfix\">Ak fakturujete nemeck\u00e9mu podnikate\u013eovi (hoci aj pre jeho s\u00fakromn\u00e9 \u00fa\u010dely), plat\u00ed v\u017edy prenos da\u0148ovej povinnosti na objedn\u00e1vate\u013ea (tzv. Reverse charge). \u017diadajte si predlo\u017ei\u0165 nemeck\u00e9 I\u010c DPH.<br \/>\nAk fakturujete (nemeckej) s\u00fakromnej osobe (=nepodnikate\u013eovi), mus\u00edte na slu\u017eby prida\u0165 DPH 19% a n\u00e1sledne ju odvies\u0165 na nemeck\u00fd da\u0148ov\u00fd \u00farad.<br \/>\nFaktur\u00e1cia s pozn\u00e1mkou \u201esom neplatca DPH\u201c pod\u013ea slovensk\u00e9ho z\u00e1kona nie je spr\u00e1vna.<\/div><\/div><\/div><div class=\"fusion-panel panel-default panel-7c7a7a33901b774f8 fusion-toggle-no-divider\" style=\"--awb-title-color:var(--awb-color8);--awb-content-color:var(--awb-color8);\"><div class=\"panel-heading\"><div class=\"panel-title toggle\" id=\"toggle_7c7a7a33901b774f8\"><a aria-expanded=\"false\" aria-controls=\"7c7a7a33901b774f8\" role=\"button\" data-toggle=\"collapse\" data-parent=\"#accordion-910-1\" data-target=\"#7c7a7a33901b774f8\" href=\"#7c7a7a33901b774f8\"><span class=\"fusion-toggle-icon-wrapper\" aria-hidden=\"true\"><i class=\"fa-fusion-box active-icon awb-icon-minus\" aria-hidden=\"true\"><\/i><i class=\"fa-fusion-box inactive-icon awb-icon-plus\" aria-hidden=\"true\"><\/i><\/span><span class=\"fusion-toggle-heading\">\u010co je potvrdenie A1?<\/span><\/a><\/div><\/div><div id=\"7c7a7a33901b774f8\" class=\"panel-collapse collapse \" aria-labelledby=\"toggle_7c7a7a33901b774f8\"><div class=\"panel-body toggle-content fusion-clearfix\">Tento dokument ur\u010duje, kde bude zamestnanec\/SZ\u010cO soci\u00e1lne poisten\u00fd a kde bude plati\u0165 poistn\u00e9 na jednotliv\u00e9 druhy poistenia pod\u013ea legislat\u00edvnych pravidiel danej krajiny. Vyd\u00e1va ho Soci\u00e1lna pois\u0165ov\u0148a a \u017eiada\u0165 o\u0148 treba v dostato\u010dnom \u010dasovom predstihu pred odchodom za pr\u00e1cou.<\/div><\/div><\/div><\/div><\/div><\/div><\/div><div class=\"fusion-layout-column fusion_builder_column fusion-builder-column-2 fusion_builder_column_1_6 1_6 fusion-flex-column\" style=\"--awb-bg-size:cover;--awb-width-large:16.666666666667%;--awb-margin-top-large:0px;--awb-spacing-right-large:11.52%;--awb-margin-bottom-large:20px;--awb-spacing-left-large:11.52%;--awb-width-medium:16.666666666667%;--awb-order-medium:0;--awb-spacing-right-medium:11.52%;--awb-spacing-left-medium:11.52%;--awb-width-small:100%;--awb-order-small:0;--awb-spacing-right-small:1.92%;--awb-spacing-left-small:1.92%;\"><div class=\"fusion-column-wrapper fusion-column-has-shadow fusion-flex-justify-content-flex-start fusion-content-layout-column\"><\/div><\/div><\/div><\/div><\/div>\n","protected":false},"excerpt":{"rendered":"","protected":false},"author":4,"featured_media":0,"parent":344,"menu_order":0,"comment_status":"closed","ping_status":"closed","template":"100-width.php","meta":{"footnotes":""},"class_list":["post-910","page","type-page","status-publish","hentry"],"_links":{"self":[{"href":"https:\/\/mokrohs-consulting.com\/sk\/wp-json\/wp\/v2\/pages\/910","targetHints":{"allow":["GET"]}}],"collection":[{"href":"https:\/\/mokrohs-consulting.com\/sk\/wp-json\/wp\/v2\/pages"}],"about":[{"href":"https:\/\/mokrohs-consulting.com\/sk\/wp-json\/wp\/v2\/types\/page"}],"author":[{"embeddable":true,"href":"https:\/\/mokrohs-consulting.com\/sk\/wp-json\/wp\/v2\/users\/4"}],"replies":[{"embeddable":true,"href":"https:\/\/mokrohs-consulting.com\/sk\/wp-json\/wp\/v2\/comments?post=910"}],"version-history":[{"count":13,"href":"https:\/\/mokrohs-consulting.com\/sk\/wp-json\/wp\/v2\/pages\/910\/revisions"}],"predecessor-version":[{"id":1507,"href":"https:\/\/mokrohs-consulting.com\/sk\/wp-json\/wp\/v2\/pages\/910\/revisions\/1507"}],"up":[{"embeddable":true,"href":"https:\/\/mokrohs-consulting.com\/sk\/wp-json\/wp\/v2\/pages\/344"}],"wp:attachment":[{"href":"https:\/\/mokrohs-consulting.com\/sk\/wp-json\/wp\/v2\/media?parent=910"}],"curies":[{"name":"wp","href":"https:\/\/api.w.org\/{rel}","templated":true}]}}