{"id":355,"date":"2022-09-05T17:29:02","date_gmt":"2022-09-05T15:29:02","guid":{"rendered":"https:\/\/mokrohs.jnk-hmr.de\/?page_id=355"},"modified":"2024-04-23T22:43:34","modified_gmt":"2024-04-23T20:43:34","slug":"kontakt","status":"publish","type":"page","link":"https:\/\/mokrohs-consulting.com\/sk\/tax-consulting\/kontakt\/","title":{"rendered":"Kontakt"},"content":{"rendered":"<div class=\"fusion-fullwidth fullwidth-box fusion-builder-row-1 fusion-flex-container has-pattern-background has-mask-background hundred-percent-fullwidth non-hundred-percent-height-scrolling\" style=\"--awb-border-radius-top-left:0px;--awb-border-radius-top-right:0px;--awb-border-radius-bottom-right:0px;--awb-border-radius-bottom-left:0px;--awb-padding-right:120px;--awb-padding-left:120px;--awb-padding-top-small:60px;--awb-padding-right-small:35px;--awb-padding-bottom-small:40px;--awb-padding-left-small:35px;--awb-flex-wrap:wrap;\" ><div class=\"fusion-builder-row fusion-row fusion-flex-align-items-flex-start fusion-flex-content-wrap\" style=\"width:104% !important;max-width:104% !important;margin-left: calc(-4% \/ 2 );margin-right: calc(-4% \/ 2 );\"><div class=\"fusion-layout-column fusion_builder_column fusion-builder-column-0 fusion_builder_column_1_1 1_1 fusion-flex-column\" style=\"--awb-bg-size:cover;--awb-width-large:100%;--awb-margin-top-large:0px;--awb-spacing-right-large:1.92%;--awb-margin-bottom-large:20px;--awb-spacing-left-large:1.92%;--awb-width-medium:100%;--awb-order-medium:0;--awb-spacing-right-medium:1.92%;--awb-spacing-left-medium:1.92%;--awb-width-small:100%;--awb-order-small:0;--awb-spacing-right-small:1.92%;--awb-spacing-left-small:1.92%;\"><div class=\"fusion-column-wrapper fusion-column-has-shadow fusion-flex-justify-content-flex-start fusion-content-layout-column\"><div class=\"fusion-title title fusion-title-1 fusion-sep-none fusion-title-text fusion-title-size-one text-40\" style=\"--awb-margin-top-small:10px;--awb-margin-right-small:0px;--awb-margin-bottom-small:10px;--awb-margin-left-small:0px;\"><h1 class=\"fusion-title-heading title-heading-left\" style=\"margin:0;\">Kontakt<\/h1><\/div><div class=\"fusion-separator\" style=\"align-self: flex-start;margin-right:auto;margin-top:20px;margin-bottom:80px;width:100%;max-width:100px;\"><div class=\"fusion-separator-border sep-single\" style=\"--awb-height:20px;--awb-amount:20px;border-color:var(--awb-color4);border-top-width:1px;\"><\/div><\/div><div class=\"fusion-text fusion-text-1\"><h2>\u00dadaje pod\u013ea \u00a7 5 TM<\/h2>\n<p>Renata Mokrohs<br \/>\nMOKROHS TAX CONSULTING<br \/>\nAm Bahnhof 11<br \/>\n85653 Aying<\/p>\n<h2>Kontakt<\/h2>\n<p>Telef\u00f3n: +49 8095 798 4900<br \/>\nTelefax: 089\/15790219<br \/>\nE-Mail: info@mokrohs-tax.com<\/p>\n<h2>I\u010c DPH<\/h2>\n<p>Identifika\u010dn\u00e9 \u010d\u00edslo pre DPH pod\u013ea \u00a7 27 a (nemeck\u00e9ho) z\u00e1kona o DPH:<br \/>\nDE307059423<br \/>\nSK1125985025<\/p>\n<h2>\u00darad vykon\u00e1vaj\u00faci doh\u013ead<\/h2>\n<p>Komora da\u0148ov\u00fdch poradcov Mn\u00edchov<br \/>\nSteuerberaterkammer M\u00fcnchen<br \/>\nNederlinger Stra\u00dfe 9<br \/>\n80638 M\u00fcnchen<\/p>\n<p><a href=\"https:\/\/www.steuerberaterkammer-muenchen.de\/\" target=\"_blank\" rel=\"noopener noreferrer\">https:\/\/www.steuerberaterkammer-muenchen.de\/<\/a><\/p>\n<h2>OZNA\u010cENIE PROFESIE A PROFESIJN\u00c9 PR\u00c1VNE USTANOVENIA<\/h2>\n<p>Ozna\u010denie profesie:<br \/>\nDa\u0148ov\u00fd poradca<\/p>\n<p>Pr\u00edslu\u0161n\u00e1 komora:<br \/>\nKomora da\u0148ov\u00fdch poradcov Mn\u00edchov \/ Steuerberaterkammer M\u00fcnchen<br \/>\nNederlinger Stra\u00dfe 9<br \/>\n80638 M\u00fcnchen<\/p>\n<p>Z\u00e1konn\u00e9 ozna\u010denie profesie \u2013 da\u0148ov\u00e1 poradky\u0148a \u2013 bolo udelen\u00e9 v Spolkovej republike Nemecko (Hamburg).<br \/>\nZ\u00e1konn\u00e9 ozna\u010denie profesie \u2013 odborn\u00e1 poradky\u0148a pre medzin\u00e1rodn\u00e9 da\u0148ov\u00e9 pr\u00e1vo \u2013 bolo udelen\u00e9 v Spolkovej republike Nemecko (Mn\u00edchov).<\/p>\n<p>Platia nasleduj\u00face profesijn\u00e9 pr\u00e1vne ustanovenia:<\/p>\n<ul>\n<li>Z\u00e1kon o da\u0148ovom poradenstve SRN (StBerG)<\/li>\n<li>Vykon\u00e1vacie nariadenie k z\u00e1konu o da\u0148ovom poradenstve SRN (DVStB)<\/li>\n<li>Profesijn\u00fd poriadok pre da\u0148ov\u00fdch poradcov SRN (BOStB)<\/li>\n<li>Nariadenie o odmen\u00e1ch da\u0148ov\u00fdch poradcov SRN (StBVV)<\/li>\n<\/ul>\n<p>K nahliadnutiu na: <a href=\"https:\/\/www.bstbk.de\/de\/themen\/berufsrecht\/steuerberatungsrecht\" target=\"_blank\" rel=\"noopener noreferrer\">https:\/\/www.bstbk.de\/de\/themen\/\u00adberufsrecht\/steuerberatungsrecht<\/a><\/p>\n<h2>UROVN\u00c1VANIE SPOROV V E\u00da<\/h2>\n<p>Eur\u00f3pska komisia poskytuje platformu na online urovn\u00e1vanie sporov: <a href=\"https:\/\/ec.europa.eu\/consumers\/odr\/\" target=\"_blank\" rel=\"noopener noreferrer\">https:\/\/ec.europa.eu\/consumers\/odr\/<\/a>.<br \/>\nNa\u0161u e-mailov\u00fa adresu n\u00e1jdete vy\u0161\u0161ie.<\/p>\n<h2>UROVN\u00c1VANIE SPOTREBITE\u013dSK\u00ddCH SPOROV \/ UNIVERZ\u00c1LNY ZMIEROVAC\u00cd ORG\u00c1N<\/h2>\n<p>Nie sme ochotn\u00ed ani povinn\u00ed z\u00fa\u010dastni\u0165 sa na zmierovacom konan\u00ed pred spotrebite\u013esk\u00fdm zmierovac\u00edm org\u00e1nom.<\/p>\n<\/div><style>\n#wrapper .post-content h2 { \n\tfont-size: 30px; \n\tmargin-top: 1em; \n\tmargin-bottom: 0.5em; \n} \n#wrapper .post-content h3 { \n\tfont-size: 26px; \n\tmargin-top: 1em; \n\tmargin-bottom: 0.5em; \n} \n#wrapper .post-content h4 { \n\tfont-size: 22px; \n\tmargin-top: 1em; \n\tmargin-bottom: 0.5em; \n}\n\n@media (max-width: 520px) {\n\t#wrapper .post-content h2 { \n\t\tfont-size: 21px; \n\t}\n\t#wrapper .post-content h3 { \n\t\tfont-size: 18px; \n\t}\n\t#wrapper .post-content h4 { \n\t\tfont-size: 16px; \n\t}\n}\n<\/style><\/div><\/div><\/div><\/div>\n","protected":false},"excerpt":{"rendered":"","protected":false},"author":1,"featured_media":0,"parent":344,"menu_order":0,"comment_status":"closed","ping_status":"closed","template":"100-width.php","meta":{"footnotes":""},"class_list":["post-355","page","type-page","status-publish","hentry"],"_links":{"self":[{"href":"https:\/\/mokrohs-consulting.com\/sk\/wp-json\/wp\/v2\/pages\/355","targetHints":{"allow":["GET"]}}],"collection":[{"href":"https:\/\/mokrohs-consulting.com\/sk\/wp-json\/wp\/v2\/pages"}],"about":[{"href":"https:\/\/mokrohs-consulting.com\/sk\/wp-json\/wp\/v2\/types\/page"}],"author":[{"embeddable":true,"href":"https:\/\/mokrohs-consulting.com\/sk\/wp-json\/wp\/v2\/users\/1"}],"replies":[{"embeddable":true,"href":"https:\/\/mokrohs-consulting.com\/sk\/wp-json\/wp\/v2\/comments?post=355"}],"version-history":[{"count":3,"href":"https:\/\/mokrohs-consulting.com\/sk\/wp-json\/wp\/v2\/pages\/355\/revisions"}],"predecessor-version":[{"id":1026,"href":"https:\/\/mokrohs-consulting.com\/sk\/wp-json\/wp\/v2\/pages\/355\/revisions\/1026"}],"up":[{"embeddable":true,"href":"https:\/\/mokrohs-consulting.com\/sk\/wp-json\/wp\/v2\/pages\/344"}],"wp:attachment":[{"href":"https:\/\/mokrohs-consulting.com\/sk\/wp-json\/wp\/v2\/media?parent=355"}],"curies":[{"name":"wp","href":"https:\/\/api.w.org\/{rel}","templated":true}]}}